{"id":26,"date":"2016-04-13T12:53:19","date_gmt":"2016-04-13T10:53:19","guid":{"rendered":"http:\/\/frequenz-systems.de\/broadcast\/?page_id=26"},"modified":"2016-06-17T12:36:56","modified_gmt":"2016-06-17T10:36:56","slug":"mobilfunkanlagen","status":"publish","type":"page","link":"https:\/\/frequenz-systems.de\/broadcast\/mobilfunkanlagen\/","title":{"rendered":"Mobilfunkanlagen"},"content":{"rendered":"<p>Unsere Auftraggeber profitieren bei der Errichtung und Wartung von Funkversorgungsanlagen \u00fcber das umfangreiche Know-How unserer Mitarbeiter und die langj\u00e4hrige Erfahrung aus einer gro\u00dfen Anzahl von erfolgreich durchgef\u00fchrten Projekten.<\/p>\n<hr \/>\n<h4 class=\"contentheading\">Portfolio<\/h4>\n<div class=\"text-article\">\n<ul>\n<li>Stahlbau<\/li>\n<li>Kabel- und Antennenmontage<\/li>\n<li>Antennen-Messungen<\/li>\n<li>ASE-Einrichtungen<\/li>\n<li>Fehlersuche<\/li>\n<li>Ingegration und Inbetriebnahmen<\/li>\n<li>Nachr\u00fcstung von RET-Systemen<\/li>\n<li>TETRA Syteme<\/li>\n<li>BOS-Funknetz<\/li>\n<li>Inhouse-Netze<br \/>\nGSM, HSPA, UMTS, LTE<\/li>\n<\/ul>\n<p><img decoding=\"async\" src=\"http:\/\/frequenz-systems.de\/broadcast_solutions\/images\/stories\/ZVH4.png\" border=\"0\" \/> <img decoding=\"async\" src=\"http:\/\/frequenz-systems.de\/broadcast_solutions\/images\/stories\/thales.png\" border=\"0\" \/><\/p>\n<hr \/>\n<h2 class=\"contentheading\">Inhouse-Netze<\/h2>\n<div class=\"text-article\">\n<p>Wir realisieren individuelle L\u00f6sungen f\u00fcr komplexe, auf die Bed\u00fcrfnisse des Kunden abgestimmte Inhouse Funkversorgungs-anlagen.<br \/>\nAuftraggeber f\u00fcr solche Dienstleistungen sind hier typischerweise:<\/p>\n<ul>\n<li>Verwaltungen aus der Industrie und \u00f6ffentlichen Beh\u00f6rden<\/li>\n<li>Banken und Versicherungen<\/li>\n<li>Betreiber von B\u00fcrogeb\u00e4uden<\/li>\n<li>Hotels<\/li>\n<li>Krankenh\u00e4user und Kliniken<\/li>\n<li>Verkehrsunternehmen<\/li>\n<\/ul>\n<p>Frequenz Systems errichtet hier Kommunikationsinfrastrukturen auf der Basis von strukturierten Verkabelungs-systemen und realisiert dabei auch Inhouse-Funkversorgungen f\u00fcr verschiedene Funksysteme, wie:<\/p>\n<ul>\n<li>GSM, HSPA, UMTS, LTE<\/li>\n<li>TETRA Syteme<\/li>\n<li>BOS-Funknetz<\/li>\n<\/ul>\n<\/div>\n<\/div>\n","protected":false},"excerpt":{"rendered":"<p>Unsere Auftraggeber profitieren bei der Errichtung und Wartung von Funkversorgungsanlagen \u00fcber das umfangreiche Know-How unserer Mitarbeiter und die langj\u00e4hrige Erfahrung <a class=\"more-link\" href=\"https:\/\/frequenz-systems.de\/broadcast\/mobilfunkanlagen\/\">Weiterlesen\u00a0\u2026<\/a><\/p>\n","protected":false},"author":1,"featured_media":46,"parent":0,"menu_order":0,"comment_status":"closed","ping_status":"closed","template":"","meta":{"wp_popup_display_lightbox":0,"wp_popup_suppress":"","wp_popup_trigger":"","wp_popup_trigger_amount":0,"wp_popup_disable_on_mobile":false,"footnotes":""},"class_list":["post-26","page","type-page","status-publish","has-post-thumbnail","hentry"],"_links":{"self":[{"href":"https:\/\/frequenz-systems.de\/broadcast\/wp-json\/wp\/v2\/pages\/26","targetHints":{"allow":["GET"]}}],"collection":[{"href":"https:\/\/frequenz-systems.de\/broadcast\/wp-json\/wp\/v2\/pages"}],"about":[{"href":"https:\/\/frequenz-systems.de\/broadcast\/wp-json\/wp\/v2\/types\/page"}],"author":[{"embeddable":true,"href":"https:\/\/frequenz-systems.de\/broadcast\/wp-json\/wp\/v2\/users\/1"}],"replies":[{"embeddable":true,"href":"https:\/\/frequenz-systems.de\/broadcast\/wp-json\/wp\/v2\/comments?post=26"}],"version-history":[{"count":4,"href":"https:\/\/frequenz-systems.de\/broadcast\/wp-json\/wp\/v2\/pages\/26\/revisions"}],"predecessor-version":[{"id":81,"href":"https:\/\/frequenz-systems.de\/broadcast\/wp-json\/wp\/v2\/pages\/26\/revisions\/81"}],"wp:featuredmedia":[{"embeddable":true,"href":"https:\/\/frequenz-systems.de\/broadcast\/wp-json\/wp\/v2\/media\/46"}],"wp:attachment":[{"href":"https:\/\/frequenz-systems.de\/broadcast\/wp-json\/wp\/v2\/media?parent=26"}],"curies":[{"name":"wp","href":"https:\/\/api.w.org\/{rel}","templated":true}]}}